{"id":621,"date":"2019-04-17T10:04:40","date_gmt":"2019-04-17T13:04:40","guid":{"rendered":"http:\/\/escalahumana.siteseguro.ws\/?page_id=621"},"modified":"2023-02-16T16:38:29","modified_gmt":"2023-02-16T19:38:29","slug":"quem-sou-eu","status":"publish","type":"page","link":"https:\/\/escalahumana.app.br\/?page_id=621","title":{"rendered":"Quem sou eu"},"content":{"rendered":"\t\t<div data-elementor-type=\"wp-post\" data-elementor-id=\"621\" class=\"elementor elementor-621\">\n\t\t\t\t\t\t<section class=\"elementor-section elementor-top-section elementor-element elementor-element-13a93292 elementor-section-boxed elementor-section-height-default elementor-section-height-default\" data-id=\"13a93292\" data-element_type=\"section\" data-settings=\"{&quot;background_background&quot;:&quot;classic&quot;}\">\n\t\t\t\t\t\t\t<div class=\"elementor-background-overlay\"><\/div>\n\t\t\t\t\t\t\t<div class=\"elementor-container elementor-column-gap-default\">\n\t\t\t\t\t<div class=\"elementor-column elementor-col-100 elementor-top-column elementor-element elementor-element-25748b2d\" data-id=\"25748b2d\" data-element_type=\"column\">\n\t\t\t<div class=\"elementor-widget-wrap elementor-element-populated\">\n\t\t\t\t\t\t<div class=\"elementor-element elementor-element-1dca66c4 elementor-widget-divider--view-line elementor-widget elementor-widget-divider\" data-id=\"1dca66c4\" data-element_type=\"widget\" data-widget_type=\"divider.default\">\n\t\t\t\t<div class=\"elementor-widget-container\">\n\t\t\t\t\t\t\t<div class=\"elementor-divider\">\n\t\t\t<span class=\"elementor-divider-separator\">\n\t\t\t\t\t\t<\/span>\n\t\t<\/div>\n\t\t\t\t\t\t<\/div>\n\t\t\t\t<\/div>\n\t\t\t\t<div class=\"elementor-element elementor-element-253d822f elementor-widget elementor-widget-heading\" data-id=\"253d822f\" data-element_type=\"widget\" data-widget_type=\"heading.default\">\n\t\t\t\t<div class=\"elementor-widget-container\">\n\t\t\t\t\t<h2 class=\"elementor-heading-title elementor-size-default\">Quem sou eu<\/h2>\t\t\t\t<\/div>\n\t\t\t\t<\/div>\n\t\t\t\t\t<\/div>\n\t\t<\/div>\n\t\t\t\t\t<\/div>\n\t\t<\/section>\n\t\t\t\t<section class=\"elementor-section elementor-top-section elementor-element elementor-element-758d8c04 elementor-section-content-middle elementor-section-boxed elementor-section-height-default elementor-section-height-default\" data-id=\"758d8c04\" data-element_type=\"section\" data-settings=\"{&quot;background_background&quot;:&quot;classic&quot;}\">\n\t\t\t\t\t\t<div class=\"elementor-container elementor-column-gap-wide\">\n\t\t\t\t\t<div class=\"elementor-column elementor-col-33 elementor-top-column elementor-element elementor-element-43ba58ae\" data-id=\"43ba58ae\" data-element_type=\"column\">\n\t\t\t<div class=\"elementor-widget-wrap elementor-element-populated\">\n\t\t\t\t\t\t<div class=\"elementor-element elementor-element-82f9958 elementor-widget elementor-widget-image\" data-id=\"82f9958\" data-element_type=\"widget\" data-widget_type=\"image.default\">\n\t\t\t\t<div class=\"elementor-widget-container\">\n\t\t\t\t\t\t\t\t\t\t\t\t\t\t\t<img fetchpriority=\"high\" decoding=\"async\" width=\"761\" height=\"1024\" src=\"https:\/\/escalahumana.app.br\/wp-content\/uploads\/2022\/10\/Captura-de-Tela-2022-10-31-a\u0300s-11.11.09-761x1024.png\" class=\"attachment-large size-large wp-image-1189\" alt=\"\" srcset=\"https:\/\/escalahumana.app.br\/wp-content\/uploads\/2022\/10\/Captura-de-Tela-2022-10-31-a\u0300s-11.11.09-761x1024.png 761w, https:\/\/escalahumana.app.br\/wp-content\/uploads\/2022\/10\/Captura-de-Tela-2022-10-31-a\u0300s-11.11.09-223x300.png 223w, https:\/\/escalahumana.app.br\/wp-content\/uploads\/2022\/10\/Captura-de-Tela-2022-10-31-a\u0300s-11.11.09-768x1033.png 768w, https:\/\/escalahumana.app.br\/wp-content\/uploads\/2022\/10\/Captura-de-Tela-2022-10-31-a\u0300s-11.11.09-1142x1536.png 1142w, https:\/\/escalahumana.app.br\/wp-content\/uploads\/2022\/10\/Captura-de-Tela-2022-10-31-a\u0300s-11.11.09-600x807.png 600w, https:\/\/escalahumana.app.br\/wp-content\/uploads\/2022\/10\/Captura-de-Tela-2022-10-31-a\u0300s-11.11.09.png 1338w\" sizes=\"(max-width: 761px) 100vw, 761px\" \/>\t\t\t\t\t\t\t\t\t\t\t\t\t\t\t<\/div>\n\t\t\t\t<\/div>\n\t\t\t\t\t<\/div>\n\t\t<\/div>\n\t\t\t\t<div class=\"elementor-column elementor-col-66 elementor-top-column elementor-element elementor-element-15249d1d\" data-id=\"15249d1d\" data-element_type=\"column\">\n\t\t\t<div class=\"elementor-widget-wrap elementor-element-populated\">\n\t\t\t\t\t\t<div class=\"elementor-element elementor-element-13a9b180 elementor-widget elementor-widget-text-editor\" data-id=\"13a9b180\" data-element_type=\"widget\" data-widget_type=\"text-editor.default\">\n\t\t\t\t<div class=\"elementor-widget-container\">\n\t\t\t\t\t\t\t\t\t<p>Nascida em S\u00e3o Paulo, formada em Arquitetura e Urbanismo pelo Mackenzie, especialista em Gest\u00e3o pela POLI-USP, em Gerontologia pela UNESP, Em Gest\u00e3o de Programas P\u00fablicos pela OPAS e mestre em Projeto pela FAU_USP.<\/p><p>Empres\u00e1ria e Urbanista em projetos de incorpora\u00e7\u00e3o imobili\u00e1ria de parcelamento de solo por 25 anos, Consultora T\u00e9cnica, Professora Universit\u00e1ria, Facilitadora de Treinamentos Comportamentais e Mentora h\u00e1 9 anos.<\/p><p>E, tamb\u00e9m, Produtora Rural, h\u00e1 6 anos, na produ\u00e7\u00e3o de caf\u00e9, em larga escala, na Regi\u00e3o de Gar\u00e7a onde, atualmente, moro; e conquistei, por 3 vezes (2018, 2019, 2021), os Pr\u00eamios de Melhor Caf\u00e9 da Regi\u00e3o e as 100 Melhores Produtoras de Caf\u00e9 do Brasil, concursos promovidos pela 3 Cora\u00e7\u00f5es. Fundadora da Bella Donna Caf\u00e9s Artesanais que tem como miss\u00e3o valorizar a produ\u00e7\u00e3o cafeeira da mulher ao aproximar o consumidor do produtor.<\/p>\t\t\t\t\t\t\t\t<\/div>\n\t\t\t\t<\/div>\n\t\t\t\t\t<\/div>\n\t\t<\/div>\n\t\t\t\t\t<\/div>\n\t\t<\/section>\n\t\t\t\t<section class=\"elementor-section elementor-top-section elementor-element elementor-element-16793481 elementor-section-height-min-height elementor-section-items-stretch elementor-section-content-middle elementor-section-boxed elementor-section-height-default\" data-id=\"16793481\" data-element_type=\"section\" data-settings=\"{&quot;background_background&quot;:&quot;classic&quot;}\">\n\t\t\t\t\t\t<div class=\"elementor-container elementor-column-gap-wide\">\n\t\t\t\t\t<div class=\"elementor-column elementor-col-100 elementor-top-column elementor-element elementor-element-14115da3\" data-id=\"14115da3\" data-element_type=\"column\">\n\t\t\t<div class=\"elementor-widget-wrap elementor-element-populated\">\n\t\t\t\t\t\t<div class=\"elementor-element elementor-element-407cc3b elementor-widget elementor-widget-spacer\" data-id=\"407cc3b\" data-element_type=\"widget\" data-widget_type=\"spacer.default\">\n\t\t\t\t<div class=\"elementor-widget-container\">\n\t\t\t\t\t\t\t<div class=\"elementor-spacer\">\n\t\t\t<div class=\"elementor-spacer-inner\"><\/div>\n\t\t<\/div>\n\t\t\t\t\t\t<\/div>\n\t\t\t\t<\/div>\n\t\t\t\t<div class=\"elementor-element elementor-element-7d0831a elementor-widget-divider--view-line elementor-widget elementor-widget-divider\" data-id=\"7d0831a\" data-element_type=\"widget\" data-widget_type=\"divider.default\">\n\t\t\t\t<div class=\"elementor-widget-container\">\n\t\t\t\t\t\t\t<div class=\"elementor-divider\">\n\t\t\t<span class=\"elementor-divider-separator\">\n\t\t\t\t\t\t<\/span>\n\t\t<\/div>\n\t\t\t\t\t\t<\/div>\n\t\t\t\t<\/div>\n\t\t\t\t<div class=\"elementor-element elementor-element-29baaefc elementor-widget elementor-widget-heading\" data-id=\"29baaefc\" data-element_type=\"widget\" data-widget_type=\"heading.default\">\n\t\t\t\t<div class=\"elementor-widget-container\">\n\t\t\t\t\t<h2 class=\"elementor-heading-title elementor-size-default\">Minha paix\u00e3o<\/h2>\t\t\t\t<\/div>\n\t\t\t\t<\/div>\n\t\t\t\t<div class=\"elementor-element elementor-element-29bdfd1d elementor-widget elementor-widget-text-editor\" data-id=\"29bdfd1d\" data-element_type=\"widget\" data-widget_type=\"text-editor.default\">\n\t\t\t\t<div class=\"elementor-widget-container\">\n\t\t\t\t\t\t\t\t\t<p>Ajudar, apoiar e encorajar o desenvolvimento pessoal e profissional do mentorado por um processo relacional de constante trocas de experiencias e conhecimentos.<\/p><p>O que me move no mentoring \u00e9 a satisfa\u00e7\u00e3o de ver algu\u00e9m se desenvolvendo a partir do que eu compartilho. Eu contribuo na vida do outro com o relacionamento entre mentor e mentorado somado a um m\u00e9todo aplicado com o m\u00e1ximo de seguran\u00e7a e de resultados.<\/p>\t\t\t\t\t\t\t\t<\/div>\n\t\t\t\t<\/div>\n\t\t\t\t\t<\/div>\n\t\t<\/div>\n\t\t\t\t\t<\/div>\n\t\t<\/section>\n\t\t\t\t<section class=\"elementor-section elementor-top-section elementor-element elementor-element-4948de3 elementor-section-boxed elementor-section-height-default elementor-section-height-default\" data-id=\"4948de3\" data-element_type=\"section\">\n\t\t\t\t\t\t<div class=\"elementor-container elementor-column-gap-default\">\n\t\t\t\t\t<div class=\"elementor-column elementor-col-100 elementor-top-column elementor-element elementor-element-b4d5bcc\" data-id=\"b4d5bcc\" data-element_type=\"column\">\n\t\t\t<div class=\"elementor-widget-wrap elementor-element-populated\">\n\t\t\t\t\t\t<div class=\"elementor-element elementor-element-cd62ace elementor-widget elementor-widget-spacer\" data-id=\"cd62ace\" data-element_type=\"widget\" data-widget_type=\"spacer.default\">\n\t\t\t\t<div class=\"elementor-widget-container\">\n\t\t\t\t\t\t\t<div class=\"elementor-spacer\">\n\t\t\t<div class=\"elementor-spacer-inner\"><\/div>\n\t\t<\/div>\n\t\t\t\t\t\t<\/div>\n\t\t\t\t<\/div>\n\t\t\t\t<div class=\"elementor-element elementor-element-46b1abf6 elementor-widget-divider--view-line elementor-widget elementor-widget-divider\" data-id=\"46b1abf6\" data-element_type=\"widget\" data-widget_type=\"divider.default\">\n\t\t\t\t<div class=\"elementor-widget-container\">\n\t\t\t\t\t\t\t<div class=\"elementor-divider\">\n\t\t\t<span class=\"elementor-divider-separator\">\n\t\t\t\t\t\t<\/span>\n\t\t<\/div>\n\t\t\t\t\t\t<\/div>\n\t\t\t\t<\/div>\n\t\t\t\t<div class=\"elementor-element elementor-element-7b312b02 elementor-widget elementor-widget-heading\" data-id=\"7b312b02\" data-element_type=\"widget\" data-widget_type=\"heading.default\">\n\t\t\t\t<div class=\"elementor-widget-container\">\n\t\t\t\t\t<h2 class=\"elementor-heading-title elementor-size-default\">Por que eu acredito que posso te ajudar?<\/h2>\t\t\t\t<\/div>\n\t\t\t\t<\/div>\n\t\t\t\t<div class=\"elementor-element elementor-element-43e96b94 elementor-widget elementor-widget-text-editor\" data-id=\"43e96b94\" data-element_type=\"widget\" data-widget_type=\"text-editor.default\">\n\t\t\t\t<div class=\"elementor-widget-container\">\n\t\t\t\t\t\t\t\t\t<p>Minha carreira profissional e de docente \u00e9 permeada pela mentoria informal, como chamam os pesquisadores e estudiosos do Mentoring, ou, simplesmente, pelo agir como mentora de maneira espont\u00e2nea a cada compartilhamento de conhecimento, a cada trainee que assumi o treinamento, a cada colega novo de trabalho que acolhi, a cada funcion\u00e1rio que liderei e a cada aluno que orientei.<\/p><p>Foram muitos o desafios e caminhos que percorri profissionalmente e toda minha trajet\u00f3ria construiu os alicerces de quem sou hoje \u2013 uma pessoa realizada que trabalha com e pelo meu prop\u00f3sito de ajudar o outro. Estou a minha melhor fase onde consegui juntar minha identidade pessoal e profissional com minha miss\u00e3o e meus valores que agora conecto e compartilho com meus mentorados.<\/p><p>Trabalho pelas pessoas e pelo desejo de v\u00ea-las crescendo com a minha ajuda, pela sensa\u00e7\u00e3o de contribuir para a melhoria de sociedade pela cultura do compartilhamento de conhecimento como ferramenta expansiva da vida. Pela dissemina\u00e7\u00e3o da import\u00e2ncia das pessoas municiadas de autoconhecimento e seguran\u00e7a emocional para elevar a produtividade. E, claro, pelo retorno financeiro como consequ\u00eancia de tudo de bom que fa\u00e7o.<\/p>\t\t\t\t\t\t\t\t<\/div>\n\t\t\t\t<\/div>\n\t\t\t\t<div class=\"elementor-element elementor-element-cad9ada elementor-align-center elementor-widget elementor-widget-button\" data-id=\"cad9ada\" data-element_type=\"widget\" data-widget_type=\"button.default\">\n\t\t\t\t<div class=\"elementor-widget-container\">\n\t\t\t\t\t\t\t\t\t<div class=\"elementor-button-wrapper\">\n\t\t\t\t\t<a class=\"elementor-button elementor-button-link elementor-size-sm\" href=\"https:\/\/wa.me\/5511991524037?text=Vim+atrav%C3%A9s+do+site+e+gostaria+de+mais+informa%C3%A7%C3%B5es+sobre....\">\n\t\t\t\t\t\t<span class=\"elementor-button-content-wrapper\">\n\t\t\t\t\t\t\t\t\t<span class=\"elementor-button-text\">Clique aqui e saiba mais como posso te ajudar!<\/span>\n\t\t\t\t\t<\/span>\n\t\t\t\t\t<\/a>\n\t\t\t\t<\/div>\n\t\t\t\t\t\t\t\t<\/div>\n\t\t\t\t<\/div>\n\t\t\t\t<div class=\"elementor-element elementor-element-25fe8fd elementor-widget elementor-widget-spacer\" data-id=\"25fe8fd\" data-element_type=\"widget\" data-widget_type=\"spacer.default\">\n\t\t\t\t<div class=\"elementor-widget-container\">\n\t\t\t\t\t\t\t<div class=\"elementor-spacer\">\n\t\t\t<div class=\"elementor-spacer-inner\"><\/div>\n\t\t<\/div>\n\t\t\t\t\t\t<\/div>\n\t\t\t\t<\/div>\n\t\t\t\t\t<\/div>\n\t\t<\/div>\n\t\t\t\t\t<\/div>\n\t\t<\/section>\n\t\t\t\t<\/div>\n\t\t","protected":false},"excerpt":{"rendered":"<p>Quem sou eu Nascida em S\u00e3o Paulo, formada em Arquitetura e Urbanismo pelo Mackenzie, especialista em Gest\u00e3o pela POLI-USP, em Gerontologia pela UNESP, Em Gest\u00e3o de Programas P\u00fablicos pela OPAS e mestre em Projeto pela FAU_USP. Empres\u00e1ria e Urbanista em projetos de incorpora\u00e7\u00e3o imobili\u00e1ria de parcelamento de solo por 25 anos, Consultora T\u00e9cnica, Professora Universit\u00e1ria, [&hellip;]<\/p>\n","protected":false},"author":1,"featured_media":0,"parent":0,"menu_order":0,"comment_status":"closed","ping_status":"closed","template":"","meta":{"site-sidebar-layout":"no-sidebar","site-content-layout":"page-builder","ast-site-content-layout":"default","site-content-style":"default","site-sidebar-style":"default","ast-global-header-display":"","ast-banner-title-visibility":"","ast-main-header-display":"","ast-hfb-above-header-display":"","ast-hfb-below-header-display":"","ast-hfb-mobile-header-display":"","site-post-title":"disabled","ast-breadcrumbs-content":"","ast-featured-img":"disabled","footer-sml-layout":"","ast-disable-related-posts":"","theme-transparent-header-meta":"default","adv-header-id-meta":"","stick-header-meta":"","header-above-stick-meta":"","header-main-stick-meta":"","header-below-stick-meta":"","astra-migrate-meta-layouts":"default","ast-page-background-enabled":"default","ast-page-background-meta":{"desktop":{"background-color":"","background-image":"","background-repeat":"repeat","background-position":"center center","background-size":"auto","background-attachment":"scroll","background-type":"","background-media":"","overlay-type":"","overlay-color":"","overlay-opacity":"","overlay-gradient":""},"tablet":{"background-color":"","background-image":"","background-repeat":"repeat","background-position":"center center","background-size":"auto","background-attachment":"scroll","background-type":"","background-media":"","overlay-type":"","overlay-color":"","overlay-opacity":"","overlay-gradient":""},"mobile":{"background-color":"","background-image":"","background-repeat":"repeat","background-position":"center center","background-size":"auto","background-attachment":"scroll","background-type":"","background-media":"","overlay-type":"","overlay-color":"","overlay-opacity":"","overlay-gradient":""}},"ast-content-background-meta":{"desktop":{"background-color":"var(--ast-global-color-5)","background-image":"","background-repeat":"repeat","background-position":"center center","background-size":"auto","background-attachment":"scroll","background-type":"","background-media":"","overlay-type":"","overlay-color":"","overlay-opacity":"","overlay-gradient":""},"tablet":{"background-color":"var(--ast-global-color-5)","background-image":"","background-repeat":"repeat","background-position":"center center","background-size":"auto","background-attachment":"scroll","background-type":"","background-media":"","overlay-type":"","overlay-color":"","overlay-opacity":"","overlay-gradient":""},"mobile":{"background-color":"var(--ast-global-color-5)","background-image":"","background-repeat":"repeat","background-position":"center center","background-size":"auto","background-attachment":"scroll","background-type":"","background-media":"","overlay-type":"","overlay-color":"","overlay-opacity":"","overlay-gradient":""}},"footnotes":""},"_links":{"self":[{"href":"https:\/\/escalahumana.app.br\/index.php?rest_route=\/wp\/v2\/pages\/621"}],"collection":[{"href":"https:\/\/escalahumana.app.br\/index.php?rest_route=\/wp\/v2\/pages"}],"about":[{"href":"https:\/\/escalahumana.app.br\/index.php?rest_route=\/wp\/v2\/types\/page"}],"author":[{"embeddable":true,"href":"https:\/\/escalahumana.app.br\/index.php?rest_route=\/wp\/v2\/users\/1"}],"replies":[{"embeddable":true,"href":"https:\/\/escalahumana.app.br\/index.php?rest_route=%2Fwp%2Fv2%2Fcomments&post=621"}],"version-history":[{"count":41,"href":"https:\/\/escalahumana.app.br\/index.php?rest_route=\/wp\/v2\/pages\/621\/revisions"}],"predecessor-version":[{"id":1272,"href":"https:\/\/escalahumana.app.br\/index.php?rest_route=\/wp\/v2\/pages\/621\/revisions\/1272"}],"wp:attachment":[{"href":"https:\/\/escalahumana.app.br\/index.php?rest_route=%2Fwp%2Fv2%2Fmedia&parent=621"}],"curies":[{"name":"wp","href":"https:\/\/api.w.org\/{rel}","templated":true}]}}